{"id":336,"date":"2022-03-08T09:03:31","date_gmt":"2022-03-08T09:03:31","guid":{"rendered":"https:\/\/www.camping-beta.com\/privacidad\/"},"modified":"2022-03-08T09:03:31","modified_gmt":"2022-03-08T09:03:31","slug":"privacidad","status":"publish","type":"page","link":"https:\/\/www.camping-beta.com\/es\/privacidad\/","title":{"rendered":"Privacidad"},"content":{"rendered":"<p>AVISO LEGAL Y POL\u00cdTICA DE PRIVACIDAD <\/p>\n<p>Esta p\u00e1gina Web es propiedad de BORDA DE BETA SL con NIF n\u00ba B25506486 y domicilio en Casa Beta, s\/n. 25568 Pujalt (Sort).<\/p>\n<p>Para cualquier consulta o propuesta, cont\u00e1ctenos en el e-mail: casabeta@casabeta.cat<\/p>\n<p>Esta p\u00e1gina Web se rige por la normativa exclusivamente aplicable en Espa\u00f1a, quedando sometida a ella, tanto nacionales como extranjeros que utilicen esta Web.<\/p>\n<p>El acceso a nuestra p\u00e1gina Web por parte del USUARIO es gratuito y est\u00e1 condicionado a la previa lectura y aceptaci\u00f3n \u00edntegra, expresa y sin reservas de las presentes CONDICIONES GENERALES DE USO vigentes en el momento del acceso, que rogamos lea detenidamente. El USUARIO en el momento que utiliza nuestro portal, sus contenidos o servicios, acepta y se somete expresamente a las condiciones generales de uso del mismo. Si el usuario no estuviera de acuerdo con las presentes condiciones de uso, deber\u00e1 abstenerse de utilizar este portal y operar por medio del mismo.<\/p>\n<p>En cualquier momento podremos modificar la presentaci\u00f3n y configuraci\u00f3n de nuestra Web, ampliar o reducir servicios e incluso suprimirla de la Red as\u00ed como los servicios y contenidos prestados, todo ello de forma unilateral y sin previo aviso.<\/p>\n<p>A. PROPIEDAD INTELECTUAL<\/p>\n<p>Todos los contenidos, textos, im\u00e1genes, marcas y c\u00f3digos fuente son de nuestra propiedad o de terceros a los que se les han adquirido sus derechos de explotaci\u00f3n, y est\u00e1n protegidos por los derechos de Propiedad Intelectual e Industrial. De igual forma, todos los signos y distintivos, marcas, nombres comerciales o signos de cualquier otro tipo de contenido de esta p\u00e1gina est\u00e1n protegidos por la ley. <\/p>\n<p>El usuario \u00fanicamente tiene derecho a un uso privado de los mismos, sin \u00e1nimo de lucro, y necesita autorizaci\u00f3n expresa para modificarlos, reproducirlos, explotarlos, distribuirlos o ejercer cualquier derecho perteneciente a su titular.<\/p>\n<p>B. CONDICIONES DE ACCESO<br \/>\nEl acceso a nuestra p\u00e1gina Web es gratuito y no exige previa suscripci\u00f3n o registro. El env\u00edo de datos personales implica la aceptaci\u00f3n expresa por parte del USUARIO de<br \/>\nnuestra pol\u00edtica de privacidad.<\/p>\n<p>El usuario debe acceder a nuestra p\u00e1gina Web conforme a la buena fe, las normas de orden p\u00fablico y las presentes Condiciones Generales de uso. El acceso a nuestro sitio web se realiza bajo la propia y exclusiva responsabilidad del usuario, que responder\u00e1 en cualquier caso de los da\u00f1os y perjuicios que pueda causar a terceros oa nosotros mismos.<\/p>\n<p>Teniendo en cuenta la imposibilidad de control respecto a la informaci\u00f3n, contenidos y servicios que contengan otras p\u00e1ginas web a los que se pueda acceder a trav\u00e9s de los enlaces que nuestra p\u00e1gina web pueda poner a su disposici\u00f3n, le comunicamos que quedamos eximidos de cualquier responsabilidad por los da\u00f1os y perjuicios de toda clase que<\/p>\n<p>pudieran derivarse por la utilizaci\u00f3n de estas p\u00e1ginas web, ajenas a nuestra empresa, por parte del usuario.<\/p>\n<p>C. POL\u00cdTICA DE PRIVACIDAD<\/p>\n<p>La confidencialidad y la seguridad son valores primordiales de BORDA DE BETA SL y, en consecuencia, asumimos el compromiso de garantizar la privacidad del Usuario en todo momento y de no recabar informaci\u00f3n innecesaria. A continuaci\u00f3n, le proporcionamos toda la informaci\u00f3n necesaria sobre nuestra Pol\u00edtica de Privacidad en relaci\u00f3n con los datos personales que recabamos, explic\u00e1ndole:<\/p>\n<p>\u2022 Quien es el responsable del tratamiento de sus datos.<\/p>\n<p>\u2022 Para qu\u00e9 fines recabamos los datos que le solicitamos.<\/p>\n<p>\u2022 \u00bfCu\u00e1l es la legitimaci\u00f3n para su tratamiento.<\/p>\n<p>\u2022 Durante cu\u00e1nto tiempo los conservamos.<\/p>\n<p>\u2022 A qu\u00e9 destinatarios se comunican sus datos.<\/p>\n<p>\u2022 \u00bfCu\u00e1les son sus derechos y c\u00f3mo ejercerlos?<\/p>\n<p>1. RESPONSABLE: ver datos en el encabezamiento.<\/p>\n<p>2. FINALIDADES, LEGITIMACI\u00d3N Y CONSERVACI\u00d3N de los tratamientos de los datos enviados a trav\u00e9s de:<\/p>\n<p>\u2022 Formulario de Contacto.<\/p>\n<p>Finalidad: Facilitarle un medio para que pueda ponerse en contacto con nosotros y contestar a sus solicitudes de informaci\u00f3n, as\u00ed como enviarle comunicaciones de nuestros productos, servicios y actividades, inclusive por medios electr\u00f3nicos (correo electr\u00f3nico, SMS, etc.), si marca la casilla de aceptaci\u00f3n.<\/p>\n<p>Legitimaci\u00f3n: El consentimiento del usuario al solicitarnos informaci\u00f3n a trav\u00e9s de nuestro formulario de contactos y al marcar la casilla de aceptaci\u00f3n de env\u00edo de informaci\u00f3n.<\/p>\n<p>Conservaci\u00f3n: Una vez resuelta su solicitud por medio de nuestro formulario o contestada por correo electr\u00f3nico, si no ha generado un nuevo tratamiento, y en caso de haber aceptado recibir env\u00edos comerciales, hasta que solicite la baja de los mismos.<\/p>\n<p>\u2022 Env\u00edo de correos electr\u00f3nicos.<\/p>\n<p>Finalidad: Contestar a sus solicitudes de informaci\u00f3n, atender sus peticiones y responder a sus consultas o dudas. En caso de recibir su Curr\u00edculum Vitae, las<\/p>\n<p>sus datos y CV podr\u00e1n ser incorporados en nuestras bases de datos para participar en nuestros procesos de selecci\u00f3n presentes y\/o futuros.<\/p>\n<p>Legitimaci\u00f3n: El consentimiento del usuario al solicitarnos informaci\u00f3n a trav\u00e9s de la direcci\u00f3n de correo electr\u00f3nico o enviarnos el CV.<\/p>\n<p>Conservaci\u00f3n: Una vez resulta contestada su petici\u00f3n por correo electr\u00f3nico si no ha generado un nuevo tratamiento. En caso de recibir su CV, sus datos podr\u00e1n conservarse durante 1 a\u00f1o m\u00e1ximo para futuros procesos de selecci\u00f3n.<\/p>\n<p>Obligaci\u00f3n de facilitarnos sus datos personales y consecuencias de no hacerlo.<\/p>\n<p>El suministro de datos personales requiere una edad m\u00ednima de 14 a\u00f1os, o en su caso, disponer de capacidad jur\u00eddica suficiente para contratar.<\/p>\n<p>Los datos personales solicitados son necesarios para gestionar sus solicitudes, darle de alta como usuario y\/o prestarle los servicios que pueda contratar, por lo que, si no nos los facilita, no podremos atenderle correctamente ni prestarle el servicio que ha solicitado.<\/p>\n<p>En cualquier caso, nos reservamos el derecho a decidir sobre la incorporaci\u00f3n o no de sus datos y dem\u00e1s informaci\u00f3n en nuestras bases de datos.<\/p>\n<p>3. DESTINATARIOS DE SUS DATOS.<\/p>\n<p>Sus datos son confidenciales y no se ceder\u00e1n a terceros, salvo que exista obligaci\u00f3n legal.<\/p>\n<p>4. COOKIES<\/p>\n<p>Esta p\u00e1gina Web puede utilizar cookies pero que en ning\u00fan caso tratan datos de car\u00e1cter personal, captan h\u00e1bitos de navegaci\u00f3n del usuario ni son utilizadas con fines publicitarios, y que por tanto quedan exceptuadas del cumplimiento de las obligaciones establecidas en el art\u00edculo 22 de la Ley de Servicios de la Sociedad de la Informaci\u00f3n. Sin embargo, el usuario consiente el uso de las cookies que nos permitan la comunicaci\u00f3n entre el equipo del usuario y la red, prestar un servicio expresamente solicitado por el usuario, la autenticaci\u00f3n o identificaci\u00f3n de usuario (\u00fanicamente de sesi\u00f3n), dar seguridad al usuario, sesiones de reproductor multimedia, sesiones para equilibrar la carga, la personalizaci\u00f3n de la interfaz de usuario y complementos (plugin) e intercambiar contenidos sociales. De todas formas, el usuario si lo desea puede desactivar y\/o eliminar<\/p>\n<p>Nombre de la cookie Duraci\u00f3n Descripci\u00f3n<\/p>\n<p>_ga<br \/>\n2 a\u00f1os<br \/>\nSe utiliza para distinguir usuarios<\/p>\n<p>_gid<br \/>\n24 horas<br \/>\nSe utiliza para distinguir usuarios<\/p>\n<p>estas cookies siguiendo las instrucciones de su navegador de Internet.<br \/>\nLas \u00fanicas cookies de terceros que se utilizan son las de Google Analytics, herramienta de an\u00e1lisis de Google que nos ayuda a comprender c\u00f3mo interact\u00faan los visitantes. Lo hace recogiendo informaci\u00f3n del uso del sitio web, pero nunca identifica a la persona. La principal cookie que utiliza es la _ga.<\/p>\n<p>4. DERECHOS EN RELACI\u00d3N CON SUS DATOS PERSONALES.<\/p>\n<p>Cualquier persona puede retirar su consentimiento en cualquier momento, cuando el mismo se haya otorgado para el tratamiento de sus datos. En ning\u00fan caso, la retirada de este consentimiento condicionar\u00e1 la ejecuci\u00f3n del contrato de suscripci\u00f3n o las relaciones generadas con anterioridad.<\/p>\n<p>Igualmente, puede ejercer los siguientes derechos:<\/p>\n<p>\u2022 Solicitar el acceso a sus datos personales o su rectificaci\u00f3n cuando sean inexactos.<\/p>\n<p>\u2022 Solicitar su supresi\u00f3n cuando, entre otros motivos, los datos ya no sean necesarios para los fines por los que fueron recogidos.<\/p>\n<p>\u2022 Solicitar la limitaci\u00f3n de su tratamiento en determinadas circunstancias.<\/p>\n<p>\u2022 Solicitar a la oposici\u00f3n al tratamiento de sus datos por motivos relacionados con su situaci\u00f3n particular.<\/p>\n<p>\u2022 Solicitar la portabilidad de los datos en los casos previstos en la normativa.<\/p>\n<p>\u2022 Otros derechos reconocidos en las normativas aplicables.<\/p>\n<p>D\u00f3nde y c\u00f3mo solicitar sus Derechos: Mediante un escrito dirigido al responsable en su direcci\u00f3n postal o electr\u00f3nica (indicadas en el apartado A), indicando la referencia \u201cDatos Personales\u201d, especificando el derecho que se quiere ejercer y respecto a qu\u00e9 datos personales.<\/p>\n<p>En caso de divergencias con la empresa en relaci\u00f3n al tratamiento de sus datos, puede presentar una reclamaci\u00f3n ante la Agencia de Protecci\u00f3n de Datos (www.agpd.es).<\/p>\n<p>5. SEGURIDAD DE SUS DATOS PERSONALES<\/p>\n<p>Con el objetivo de salvaguardar la seguridad de sus datos personales, le informamos que hemos adoptado todas las medidas de \u00edndole t\u00e9cnica y organizativa necesarias para garantizar la seguridad de los datos personales suministrados de su alteraci\u00f3n, p\u00e9rdida y tratamientos o accesos no autorizados .<\/p>\n<p>6. ACTUALIZACI\u00d3N DE SUS DATOS PERSONALES<\/p>\n<p>Es importante que para que podamos mantener sus datos personales actualizados, nos informe siempre que haya habido alguna modificaci\u00f3n en ellos, de lo contrario, no respondemos de la veracidad de los mismos.<\/p>\n<p>No nos hagamos responsables de la pol\u00edtica de privacidad respecto a los datos personales que pueda facilitar a terceros mediante los enlaces disponibles en nuestra p\u00e1gina web.<\/p>\n<p>La presente Pol\u00edtica de Privacidad ha sido modificada en fecha 08 de marzo de 2022 y puede ser modificada para adaptarlas a los cambios que se produzca en nuestra web, as\u00ed como modificaciones legislativas o jurisprudenciales sobre datos personales que vayan apareciendo, por lo que exige su lectura, cada vez que nos facilite sus datos a trav\u00e9s de esta Web.<\/p>\n<p>D. RESPONSABILIDADES<\/p>\n<p>Al poner a disposici\u00f3n del usuario esta p\u00e1gina Web queremos ofrecerle un servicio de calidad, utilizando la m\u00e1xima diligencia en la prestaci\u00f3n del mismo, as\u00ed como en los medios tecnol\u00f3gicos utilizados. No se garantiza la ausencia de virus y otros elementos que puedan causar da\u00f1os en los sistemas inform\u00e1ticos, documentos electr\u00f3nicos u otros de esta p\u00e1gina web o de p\u00e1ginas web de terceros* y no se responsabiliza de los da\u00f1os y perjuicios que se puedan llegar a producir por estos motivos. De igual modo, no se responsabiliza respecto de posibles da\u00f1os y perjuicios que puedan afectar al usuario como consecuencia de errores, defectos u omisiones en la informaci\u00f3n que facilitaba cuando procede de fuentes de terceros.<\/p>\n<p>Borda Beta no asume responsabilidad alguna derivada de problemas t\u00e9cnicos o errores en los equipos inform\u00e1ticos, que se produzcan durante la conexi\u00f3n a internet, o que puedan ser originados por terceras personas a trav\u00e9s de intromisiones ileg\u00edtimas fuera de su control.<\/p>\n<p>El USUARIO tiene prohibido cualquier tipo de acci\u00f3n sobre nuestro portal que origine una excesiva sobrecarga de funcionamiento en nuestros sistemas inform\u00e1ticos, as\u00ed como la introducci\u00f3n de virus, o instalaci\u00f3n de robots o software que altere el normal funcionamiento de nuestra web , o en definitiva pueda causar da\u00f1os a nuestros sistemas inform\u00e1ticos.<br \/>\nEl USUARIO asume toda la responsabilidad derivada del uso de nuestra p\u00e1gina web. El USUARIO reconoce que ha entendido toda la informaci\u00f3n respecto a las condiciones de uso del<br \/>\nnuestro portal, y reconoce que son suficientes para la exclusi\u00f3n del error en estas, y por tanto, las acepta \u00edntegra y expresamente.<\/p>\n","protected":false},"excerpt":{"rendered":"<p>AVISO LEGAL Y POL\u00cdTICA DE PRIVACIDAD Esta p\u00e1gina Web es propiedad de BORDA DE BETA SL con NIF n\u00ba B25506486 y domicilio en Casa Beta, s\/n. 25568 Pujalt (Sort). Para cualquier consulta o propuesta, cont\u00e1ctenos en el e-mail: casabeta@casabeta.cat Esta p\u00e1gina Web se rige por la normativa exclusivamente aplicable en Espa\u00f1a, quedando sometida a ella, [&hellip;]<\/p>\n","protected":false},"author":2,"featured_media":0,"parent":0,"menu_order":0,"comment_status":"closed","ping_status":"closed","template":"","meta":{"_acf_changed":false,"footnotes":""},"class_list":["post-336","page","type-page","status-publish","hentry"],"acf":[],"_links":{"self":[{"href":"https:\/\/www.camping-beta.com\/es\/wp-json\/wp\/v2\/pages\/336","targetHints":{"allow":["GET"]}}],"collection":[{"href":"https:\/\/www.camping-beta.com\/es\/wp-json\/wp\/v2\/pages"}],"about":[{"href":"https:\/\/www.camping-beta.com\/es\/wp-json\/wp\/v2\/types\/page"}],"author":[{"embeddable":true,"href":"https:\/\/www.camping-beta.com\/es\/wp-json\/wp\/v2\/users\/2"}],"replies":[{"embeddable":true,"href":"https:\/\/www.camping-beta.com\/es\/wp-json\/wp\/v2\/comments?post=336"}],"version-history":[{"count":0,"href":"https:\/\/www.camping-beta.com\/es\/wp-json\/wp\/v2\/pages\/336\/revisions"}],"wp:attachment":[{"href":"https:\/\/www.camping-beta.com\/es\/wp-json\/wp\/v2\/media?parent=336"}],"curies":[{"name":"wp","href":"https:\/\/api.w.org\/{rel}","templated":true}]}}