{"id":300,"date":"2022-02-25T11:24:39","date_gmt":"2022-02-25T11:24:39","guid":{"rendered":"https:\/\/www.camping-beta.com\/reserva-de-apartamentos\/"},"modified":"2025-01-17T17:24:17","modified_gmt":"2025-01-17T17:24:17","slug":"reserva-de-apartamentos","status":"publish","type":"page","link":"https:\/\/www.camping-beta.com\/es\/reserva-de-apartamentos\/","title":{"rendered":"Reserva de Apartamentos"},"content":{"rendered":"<div class=\"row justify-content-md-center\">\n<div class=\"col\">\n<table>\n<tbody>\n<tr>\n<td width=\"192\">\n<h2>Temporada Alta<\/h2>\n<p><small>(Agosto y Semana Santa)<\/small><\/p>\n<p>Apartamento 2\/3&#8212; 140\u20ac\/noche<\/p>\n<p>Apartamento 2\/4&#8212; 150\u20ac\/noche<\/p>\n<p>Apartamento 4\/6&#8212; 160\u20ac\/ noche<\/td>\n<td width=\"192\">\n<h2>Temporada Media<\/h2>\n<p><small>(Julio, puentes y fechas se\u00f1aladas)<\/small><\/p>\n<p>Apartamento 2\/3&#8212; 130\u20ac\/noche<\/p>\n<p>Apartamento 2\/4&#8212; 140\u20ac\/noche<\/p>\n<p>Apartamento 4\/6&#8212; 150\u20ac\/ noche<\/td>\n<td width=\"192\">\n<h2>Temporada Baja<\/h2>\n<p><small>(Resto del a\u00f1o)<\/small><\/p>\n<p>Apartamento 2\/3&#8212; 120\u20ac\/noche<\/p>\n<p>Apartamento 2\/4&#8212; 130\u20ac\/noche<\/p>\n<p>Apartamento 4\/6&#8212; 140\u20ac\/ noche<\/td>\n<\/tr>\n<\/tbody>\n<\/table>\n<p>*Precios con IVA incluido<\/p>\n<p>** No incluye la tasa tur\u00edstica municipal<\/p>\n<\/div>\n<div><\/div>\n<div class=\"col-10 col-xs-10 col-sm-8 col-md-6\">\n<div class=\"wpcf7 no-js\" id=\"wpcf7-f288-o1\" lang=\"es-ES\" dir=\"ltr\" data-wpcf7-id=\"288\">\n<div class=\"screen-reader-response\"><p role=\"status\" aria-live=\"polite\" aria-atomic=\"true\"><\/p> <ul><\/ul><\/div>\n<form action=\"\/es\/wp-json\/wp\/v2\/pages\/300#wpcf7-f288-o1\" method=\"post\" class=\"wpcf7-form init\" aria-label=\"Formulario de contacto\" novalidate=\"novalidate\" data-status=\"init\">\n<fieldset class=\"hidden-fields-container\"><input type=\"hidden\" name=\"_wpcf7\" value=\"288\" \/><input type=\"hidden\" name=\"_wpcf7_version\" value=\"6.1.5\" \/><input type=\"hidden\" name=\"_wpcf7_locale\" value=\"es_ES\" \/><input type=\"hidden\" name=\"_wpcf7_unit_tag\" value=\"wpcf7-f288-o1\" \/><input type=\"hidden\" name=\"_wpcf7_container_post\" value=\"0\" \/><input type=\"hidden\" name=\"_wpcf7_posted_data_hash\" value=\"\" \/><input type=\"hidden\" name=\"_wpcf7_recaptcha_response\" value=\"\" \/>\n<\/fieldset>\n<p><label> Tu nombre<br \/>\n<span class=\"wpcf7-form-control-wrap\" data-name=\"your-name\"><input size=\"40\" maxlength=\"400\" class=\"wpcf7-form-control wpcf7-text wpcf7-validates-as-required\" aria-required=\"true\" aria-invalid=\"false\" value=\"\" type=\"text\" name=\"your-name\" \/><\/span> <\/label>\n<\/p>\n<p><label> Tu correo electr\u00f3nico<br \/>\n<span class=\"wpcf7-form-control-wrap\" data-name=\"your-email\"><input size=\"40\" maxlength=\"400\" class=\"wpcf7-form-control wpcf7-email wpcf7-validates-as-required wpcf7-text wpcf7-validates-as-email\" aria-required=\"true\" aria-invalid=\"false\" value=\"\" type=\"email\" name=\"your-email\" \/><\/span> <\/label>\n<\/p>\n<p><label> Tu tel\u00e9fono<br \/>\n<span class=\"wpcf7-form-control-wrap\" data-name=\"your-phone\"><input size=\"40\" maxlength=\"400\" class=\"wpcf7-form-control wpcf7-tel wpcf7-validates-as-required wpcf7-text wpcf7-validates-as-tel\" aria-required=\"true\" aria-invalid=\"false\" value=\"\" type=\"tel\" name=\"your-phone\" \/><\/span> <\/label>\n<\/p>\n<p><label> Selecciona el tipo de apartamento<br \/>\n<span class=\"wpcf7-form-control-wrap\" data-name=\"menu-737\"><select class=\"wpcf7-form-control wpcf7-select wpcf7-validates-as-required\" aria-required=\"true\" aria-invalid=\"false\" name=\"menu-737\"><option value=\"Apartament per a 2\/3 persones\">Apartament per a 2\/3 persones<\/option><option value=\"Apartament per a 2\/4 persones\">Apartament per a 2\/4 persones<\/option><option value=\"Apartament per a 4\/6 persones\">Apartament per a 4\/6 persones<\/option><\/select><\/span><\/label>\n<\/p>\n<p><label> Fecha entrada*<br \/>\n<span class=\"wpcf7-form-control-wrap\" data-name=\"date-392\"><input class=\"wpcf7-form-control wpcf7-date wpcf7-validates-as-date\" aria-invalid=\"false\" value=\"\" type=\"date\" name=\"date-392\" \/><\/span> <\/label>\n<\/p>\n<p><label> Fecha de salida*<br \/>\n<span class=\"wpcf7-form-control-wrap\" data-name=\"date-393\"><input class=\"wpcf7-form-control wpcf7-date wpcf7-validates-as-date\" aria-invalid=\"false\" value=\"\" type=\"date\" name=\"date-393\" \/><\/span> <\/label>\n<\/p>\n<p><label> El mensaje (opcional)<br \/>\n<span class=\"wpcf7-form-control-wrap\" data-name=\"your-message\"><textarea cols=\"40\" rows=\"10\" maxlength=\"2000\" class=\"wpcf7-form-control wpcf7-textarea\" aria-invalid=\"false\" name=\"your-message\"><\/textarea><\/span> <\/label>\n<\/p>\n<span class=\"wpcf7-form-control-wrap recaptcha\" data-name=\"recaptcha\"><span data-sitekey=\"6LcrWlIeAAAAAFHajQNoY7lIqsrACZQqwxMbMTFY\" class=\"wpcf7-form-control wpcf7-recaptcha g-recaptcha\"><\/span>\r\n<noscript>\r\n\t<div class=\"grecaptcha-noscript\">\r\n\t\t<iframe loading=\"lazy\" src=\"https:\/\/www.google.com\/recaptcha\/api\/fallback?k=6LcrWlIeAAAAAFHajQNoY7lIqsrACZQqwxMbMTFY\" frameborder=\"0\" scrolling=\"no\" width=\"310\" height=\"430\">\r\n\t\t<\/iframe>\r\n\t\t<textarea name=\"g-recaptcha-response\" rows=\"3\" cols=\"40\" placeholder=\"Aqu\u00ed la respuesta de reCAPTCHA\">\r\n\t\t<\/textarea>\r\n\t<\/div>\r\n<\/noscript>\r\n<\/span>\n<p><span class=\"wpcf7-form-control-wrap\" data-name=\"acceptance-436\"><span class=\"wpcf7-form-control wpcf7-acceptance optional\"><span class=\"wpcf7-list-item\"><label><input type=\"checkbox\" name=\"acceptance-436\" value=\"1\" aria-invalid=\"false\" \/><span class=\"wpcf7-list-item-label\">He le\u00eddo y acepto la <a href=\"politica-de-privadesa\" target=\"_blank\">Pol\u00edtica de privacidad<\/a><\/span><\/label><\/span><\/span><\/span>\n<\/p>\n<p><strong>*ATENCI\u00d3N: \u00c9ste no es un proceso automatizado. Te confirmaremos la reserva seg\u00fan disponibilidad v\u00eda telef\u00f3nica oa trav\u00e9s del correo electr\u00f3nico.<\/strong>\n<\/p>\n<p><input class=\"wpcf7-form-control wpcf7-submit has-spinner\" type=\"submit\" value=\"Envia\" \/>\n<\/p><div class=\"wpcf7-response-output\" aria-hidden=\"true\"><\/div>\n<\/form>\n<\/div>\n<\/div>\n<\/div>\n","protected":false},"excerpt":{"rendered":"<p>Temporada Alta (Agosto y Semana Santa) Apartamento 2\/3&#8212; 140\u20ac\/noche Apartamento 2\/4&#8212; 150\u20ac\/noche Apartamento 4\/6&#8212; 160\u20ac\/ noche Temporada Media (Julio, puentes y fechas se\u00f1aladas) Apartamento 2\/3&#8212; 130\u20ac\/noche Apartamento 2\/4&#8212; 140\u20ac\/noche Apartamento 4\/6&#8212; 150\u20ac\/ noche Temporada Baja (Resto del a\u00f1o) Apartamento 2\/3&#8212; 120\u20ac\/noche Apartamento 2\/4&#8212; 130\u20ac\/noche Apartamento 4\/6&#8212; 140\u20ac\/ noche *Precios con IVA incluido ** No incluye [&hellip;]<\/p>\n","protected":false},"author":2,"featured_media":0,"parent":0,"menu_order":0,"comment_status":"closed","ping_status":"closed","template":"","meta":{"_acf_changed":false,"footnotes":""},"class_list":["post-300","page","type-page","status-publish","hentry"],"acf":[],"_links":{"self":[{"href":"https:\/\/www.camping-beta.com\/es\/wp-json\/wp\/v2\/pages\/300","targetHints":{"allow":["GET"]}}],"collection":[{"href":"https:\/\/www.camping-beta.com\/es\/wp-json\/wp\/v2\/pages"}],"about":[{"href":"https:\/\/www.camping-beta.com\/es\/wp-json\/wp\/v2\/types\/page"}],"author":[{"embeddable":true,"href":"https:\/\/www.camping-beta.com\/es\/wp-json\/wp\/v2\/users\/2"}],"replies":[{"embeddable":true,"href":"https:\/\/www.camping-beta.com\/es\/wp-json\/wp\/v2\/comments?post=300"}],"version-history":[{"count":2,"href":"https:\/\/www.camping-beta.com\/es\/wp-json\/wp\/v2\/pages\/300\/revisions"}],"predecessor-version":[{"id":15132,"href":"https:\/\/www.camping-beta.com\/es\/wp-json\/wp\/v2\/pages\/300\/revisions\/15132"}],"wp:attachment":[{"href":"https:\/\/www.camping-beta.com\/es\/wp-json\/wp\/v2\/media?parent=300"}],"curies":[{"name":"wp","href":"https:\/\/api.w.org\/{rel}","templated":true}]}}