{"id":297,"date":"2022-02-25T11:24:02","date_gmt":"2022-02-25T11:24:02","guid":{"rendered":"https:\/\/www.camping-beta.com\/inicio\/"},"modified":"2022-02-25T11:24:02","modified_gmt":"2022-02-25T11:24:02","slug":"inicio","status":"publish","type":"page","link":"https:\/\/www.camping-beta.com\/es\/","title":{"rendered":"Inicio"},"content":{"rendered":"<p>Hace 40 a\u00f1os que este espacio privilegiado del Pallars Sobir\u00e0 se transform\u00f3 en un sitio de vacaciones. Inicialmente conocido como Camping Pallars Sobir\u00e0 pas\u00f3 a llamarse 20 a\u00f1os despu\u00e9s camping Beta, recuperando as\u00ed el nombre de la borda de casa Beta que hab\u00eda estado en otros tiempos.<\/p>\n<p>La familia Beta, arraigada en la comarca desde hace siglos donde mantiene todav\u00eda su actividad ganadera <a href=\"http:\/\/www.casabeta.cat\" rel=\"noopener\" target=\"_blank\">(www.casabeta.cat)<\/a> , le dar\u00e1 la bienvenida a este lugar privilegiado situado entre el r\u00edo, la monta\u00f1a, los senderos y las peque\u00f1as aldeas que le rodean.<\/p>\n<p>El Noguera Pallaresa le da frescura y lo convierte en un lugar \u00fanico donde hacer largos paseos relajantes, pero tambi\u00e9n donde disfrutar de la naturaleza m\u00e1s salvaje y de los deportes de monta\u00f1a.<\/p>\n<p>Baro se encuentra estrat\u00e9gicamente situado, a cinco minutos de Sort, la capital del Pallars Sobir\u00e0, y muy bien comunicado con el resto de la comarca por lo que es un punto de partida ideal para cualquier actividad deportiva, excursi\u00f3n o visita cultural a los diferentes valles del Pallars Sobir\u00e0.<\/p>\n","protected":false},"excerpt":{"rendered":"<p>Hace 40 a\u00f1os que este espacio privilegiado del Pallars Sobir\u00e0 se transform\u00f3 en un sitio de vacaciones. Inicialmente conocido como Camping Pallars Sobir\u00e0 pas\u00f3 a llamarse 20 a\u00f1os despu\u00e9s camping Beta, recuperando as\u00ed el nombre de la borda de casa Beta que hab\u00eda estado en otros tiempos. La familia Beta, arraigada en la comarca desde [&hellip;]<\/p>\n","protected":false},"author":2,"featured_media":248,"parent":0,"menu_order":0,"comment_status":"closed","ping_status":"closed","template":"inici.php","meta":{"_acf_changed":false,"footnotes":""},"class_list":["post-297","page","type-page","status-publish","has-post-thumbnail","hentry"],"acf":[],"_links":{"self":[{"href":"https:\/\/www.camping-beta.com\/es\/wp-json\/wp\/v2\/pages\/297","targetHints":{"allow":["GET"]}}],"collection":[{"href":"https:\/\/www.camping-beta.com\/es\/wp-json\/wp\/v2\/pages"}],"about":[{"href":"https:\/\/www.camping-beta.com\/es\/wp-json\/wp\/v2\/types\/page"}],"author":[{"embeddable":true,"href":"https:\/\/www.camping-beta.com\/es\/wp-json\/wp\/v2\/users\/2"}],"replies":[{"embeddable":true,"href":"https:\/\/www.camping-beta.com\/es\/wp-json\/wp\/v2\/comments?post=297"}],"version-history":[{"count":0,"href":"https:\/\/www.camping-beta.com\/es\/wp-json\/wp\/v2\/pages\/297\/revisions"}],"wp:featuredmedia":[{"embeddable":true,"href":"https:\/\/www.camping-beta.com\/es\/wp-json\/wp\/v2\/media\/248"}],"wp:attachment":[{"href":"https:\/\/www.camping-beta.com\/es\/wp-json\/wp\/v2\/media?parent=297"}],"curies":[{"name":"wp","href":"https:\/\/api.w.org\/{rel}","templated":true}]}}