{"id":296,"date":"2022-02-25T11:23:01","date_gmt":"2022-02-25T11:23:01","guid":{"rendered":"https:\/\/www.camping-beta.com\/entorno\/"},"modified":"2022-02-25T11:23:01","modified_gmt":"2022-02-25T11:23:01","slug":"entorno","status":"publish","type":"page","link":"https:\/\/www.camping-beta.com\/es\/entorno\/","title":{"rendered":"Entorno"},"content":{"rendered":"<p>Sin tener que alejar demasiado del pueblo de Baro, donde nos encontramos situados, encontrar\u00e1 gran variedad de espacios naturales id\u00edlicos como la <strong>Argenteria<\/strong> , una pared moldeada por el agua durante siglos en medio del <strong>Congost de Collegats<\/strong> , impresionante en invierno recubierta de car\u00e1mbanos congelados y de impresi\u00f3n m\u00e1gica durante todo el a\u00f1o.<\/p>\n<p>Sin salir del pueblo de <strong>Baro<\/strong> , se puede visitar el antiguo molino harinero, aserradero y panader\u00eda, que se convirti\u00f3 en <strong>central Hidroel\u00e9ctrica<\/strong> , funcional hasta principios de los a\u00f1os ochenta, a la vez que tambi\u00e9n se encuentra una amplia oferta gastron\u00f3mica.<\/p>\n<p>Muy cerca, en <strong>Arcal\u00eds<\/strong> , se encuentra la iglesia parroquial de <strong>Sant Lliser<\/strong> o la <strong>ermita de Sant Rom\u00e0<\/strong> del n\u00facleo de <strong>Estac<\/strong> donde se puede llegar dando un tranquilo paseo familiar que transcurre entre bancales y tramos del camino antiguo por la agradable solana de <strong>Estac<\/strong> .<\/p>\n<p>A pocos kil\u00f3metros, la parada obligada es <strong>Gerri de la Sal<\/strong> donde se encuentra la <strong>ermita de la Virgen de Arbol\u00f3<\/strong> , el <strong>monasterio de Santa Maria<\/strong> y el <strong>Museo de Gerri<\/strong> dedicado a la antigua producci\u00f3n de sal.<\/p>\n<p>Otras maravillas que no se puede dejar pasar, la <strong>Villa Closa de Peramea<\/strong> o el <strong>lago de Montcort\u00e9s<\/strong> .<\/p>\n<p>Si esto no es suficiente, la zona ofrece gran n\u00famero de rutas y senderos para caminar o hacer bicicleta de monta\u00f1a as\u00ed como para llevar a cabo deportes de aventura o de invierno.<\/p>\n<p><em>Fotos de <span style=\"color: #333333;\">Marta Lluvich<\/span><\/em><\/p>\n","protected":false},"excerpt":{"rendered":"<p>Sin tener que alejar demasiado del pueblo de Baro, donde nos encontramos situados, encontrar\u00e1 gran variedad de espacios naturales id\u00edlicos como la Argenteria , una pared moldeada por el agua durante siglos en medio del Congost de Collegats , impresionante en invierno recubierta de car\u00e1mbanos congelados y de impresi\u00f3n m\u00e1gica durante todo el a\u00f1o. Sin [&hellip;]<\/p>\n","protected":false},"author":2,"featured_media":0,"parent":0,"menu_order":0,"comment_status":"closed","ping_status":"closed","template":"entorn.php","meta":{"_acf_changed":false,"footnotes":""},"class_list":["post-296","page","type-page","status-publish","hentry"],"acf":[],"_links":{"self":[{"href":"https:\/\/www.camping-beta.com\/es\/wp-json\/wp\/v2\/pages\/296","targetHints":{"allow":["GET"]}}],"collection":[{"href":"https:\/\/www.camping-beta.com\/es\/wp-json\/wp\/v2\/pages"}],"about":[{"href":"https:\/\/www.camping-beta.com\/es\/wp-json\/wp\/v2\/types\/page"}],"author":[{"embeddable":true,"href":"https:\/\/www.camping-beta.com\/es\/wp-json\/wp\/v2\/users\/2"}],"replies":[{"embeddable":true,"href":"https:\/\/www.camping-beta.com\/es\/wp-json\/wp\/v2\/comments?post=296"}],"version-history":[{"count":0,"href":"https:\/\/www.camping-beta.com\/es\/wp-json\/wp\/v2\/pages\/296\/revisions"}],"wp:attachment":[{"href":"https:\/\/www.camping-beta.com\/es\/wp-json\/wp\/v2\/media?parent=296"}],"curies":[{"name":"wp","href":"https:\/\/api.w.org\/{rel}","templated":true}]}}