{"id":291,"date":"2022-02-25T11:20:33","date_gmt":"2022-02-25T11:20:33","guid":{"rendered":"https:\/\/www.camping-beta.com\/apartamentos\/"},"modified":"2022-02-25T11:20:33","modified_gmt":"2022-02-25T11:20:33","slug":"apartamentos","status":"publish","type":"page","link":"https:\/\/www.camping-beta.com\/es\/apartamentos\/","title":{"rendered":"Apartamentos"},"content":{"rendered":"<p>Todos nuestros apartamentos disponen de:<\/p>\n<div class=\"row\">\n<div class=\"col\"><i class=\"fa fa-utensils\"><\/i><br \/> Equipamiento de cocina completo<\/div>\n<div class=\"col\"><i class=\"fa fa-mug-hot\"><\/i><br \/> Microondas<\/div>\n<div class=\"col\"><i class=\"fa fa-bed\"><\/i><br \/> Ropa de cama y toallas<\/div>\n<div class=\"col\"><i class=\"fa fa-wifi\"><\/i><br \/> Wi-fi gratuito<\/div>\n<div class=\"col\"><i class=\"fa fa-dog\" style=\"text-decoration:line-through\"><\/i><br \/> No se aceptan animales<\/div>\n<div class=\"col\"><i class=\"fa fa-fire\"><\/i><br \/> Calefacci\u00f3n<\/div>\n<div class=\"col\"><i class=\"fa fa-baby-carriage\"><\/i><br \/> Cunas bajo petici\u00f3n<\/div>\n<\/div>\n<p>&nbsp;<br \/>\n<small>NOTA: La entrada a los apartamentos ser\u00e1 a partir de las 17h y la salida antes de las 11h.<br \/>La estad\u00eda m\u00ednima son dos noches.<br \/>Se pueden establecer estancias m\u00ednimas m\u00e1s largas en funci\u00f3n de la \u00e9poca del a\u00f1o<\/small><\/p>\n","protected":false},"excerpt":{"rendered":"<p>Todos nuestros apartamentos disponen de: Equipamiento de cocina completo Microondas Ropa de cama y toallas Wi-fi gratuito No se aceptan animales Calefacci\u00f3n Cunas bajo petici\u00f3n &nbsp; NOTA: La entrada a los apartamentos ser\u00e1 a partir de las 17h y la salida antes de las 11h.La estad\u00eda m\u00ednima son dos noches.Se pueden establecer estancias m\u00ednimas m\u00e1s [&hellip;]<\/p>\n","protected":false},"author":2,"featured_media":0,"parent":0,"menu_order":0,"comment_status":"closed","ping_status":"closed","template":"apartments.php","meta":{"_acf_changed":false,"footnotes":""},"class_list":["post-291","page","type-page","status-publish","hentry"],"acf":[],"_links":{"self":[{"href":"https:\/\/www.camping-beta.com\/es\/wp-json\/wp\/v2\/pages\/291","targetHints":{"allow":["GET"]}}],"collection":[{"href":"https:\/\/www.camping-beta.com\/es\/wp-json\/wp\/v2\/pages"}],"about":[{"href":"https:\/\/www.camping-beta.com\/es\/wp-json\/wp\/v2\/types\/page"}],"author":[{"embeddable":true,"href":"https:\/\/www.camping-beta.com\/es\/wp-json\/wp\/v2\/users\/2"}],"replies":[{"embeddable":true,"href":"https:\/\/www.camping-beta.com\/es\/wp-json\/wp\/v2\/comments?post=291"}],"version-history":[{"count":0,"href":"https:\/\/www.camping-beta.com\/es\/wp-json\/wp\/v2\/pages\/291\/revisions"}],"wp:attachment":[{"href":"https:\/\/www.camping-beta.com\/es\/wp-json\/wp\/v2\/media?parent=291"}],"curies":[{"name":"wp","href":"https:\/\/api.w.org\/{rel}","templated":true}]}}